{"id":1363,"date":"2023-03-16T16:32:34","date_gmt":"2023-03-16T16:32:34","guid":{"rendered":"https:\/\/mpk-partners.com\/?page_id=1363"},"modified":"2023-03-30T07:48:58","modified_gmt":"2023-03-30T07:48:58","slug":"dr-marc-tell-madl","status":"publish","type":"page","link":"https:\/\/mpk-partners.com\/en\/dr-marc-tell-madl\/","title":{"rendered":"Dr. Marc-Tell Madl"},"content":{"rendered":"<div id=\"pl-gb1363-69e253457eede\"  class=\"panel-layout\" ><div id=\"pg-gb1363-69e253457eede-0\"  class=\"panel-grid panel-has-style\" ><div class=\"half-wrapper siteorigin-panels-stretch panel-row-style panel-row-style-for-gb1363-69e253457eede-0\" data-stretch-type=\"full-stretched\" ><div id=\"pgc-gb1363-69e253457eede-0-0\"  class=\"panel-grid-cell\" ><div class=\"half-content-right-map panel-cell-style panel-cell-style-for-gb1363-69e253457eede-0-0\" ><div id=\"panel-gb1363-69e253457eede-0-0-0\" class=\"so-panel widget widget_sow-editor panel-first-child panel-last-child\" data-index=\"0\" ><div\n\t\t\t\n\t\t\tclass=\"so-widget-sow-editor so-widget-sow-editor-base\"\n\t\t\t\n\t\t>\n<div class=\"siteorigin-widget-tinymce textwidget\">\n\t<\/div>\n<\/div><\/div><\/div><\/div><div id=\"pgc-gb1363-69e253457eede-0-1\"  class=\"panel-grid-cell\" ><div class=\"half-content-right green-bg panel-cell-style panel-cell-style-for-gb1363-69e253457eede-0-1\" ><div id=\"panel-gb1363-69e253457eede-0-1-0\" class=\"so-panel widget widget_sow-editor panel-first-child panel-last-child\" data-index=\"1\" ><div class=\"panel-widget-style panel-widget-style-for-gb1363-69e253457eede-0-1-0\" ><div\n\t\t\t\n\t\t\tclass=\"so-widget-sow-editor so-widget-sow-editor-base\"\n\t\t\t\n\t\t>\n<div class=\"siteorigin-widget-tinymce textwidget\">\n\t<h2 class=\"section-title\">\u00dcgyv\u00e9d \u2013 Rechtsanwalt \u2013 Attorney at law<\/h2>\n<h1 class=\"section-title-big\"><strong>Dr. Marc-Tell<br \/>\nMadl, <\/strong>LL.M. LL.M. MBA<\/h1>\n<h3>Experience<\/h3>\n<p>\u2014 Banking and Finance, Capital Markets<\/p>\n<p>\u2014 Mergers and Acquisitions<\/p>\n<p>\u2014 Corporate Law and Corporate Reorganization<\/p>\n<p>\u2014 Real Estate<\/p>\n<\/div>\n<\/div><\/div><\/div><\/div><\/div><\/div><\/div><div id=\"pg-gb1363-69e253457eede-1\"  class=\"panel-grid panel-has-style\" ><div class=\"siteorigin-panels-stretch panel-row-style panel-row-style-for-gb1363-69e253457eede-1\" data-stretch-type=\"full\" ><div id=\"pgc-gb1363-69e253457eede-1-0\"  class=\"panel-grid-cell\" ><div id=\"panel-gb1363-69e253457eede-1-0-0\" class=\"so-panel widget widget_sow-editor panel-first-child\" data-index=\"2\" ><div\n\t\t\t\n\t\t\tclass=\"so-widget-sow-editor so-widget-sow-editor-base\"\n\t\t\t\n\t\t>\n<div class=\"siteorigin-widget-tinymce textwidget\">\n\t<h2 class=\"section-title\">DR. MARC-TELL MADL, LL.M. LL.M. MBA<\/h2>\n<h2>Professional Experience<\/h2>\n<p>E\u00f6tv\u00f6s Lor\u00e1nd University Budapest, Lecturer for German law (2022 -)<\/p>\n<p>MPK Partners,\u00a0<em>founding partner<\/em>\u00a0(2017-)<\/p>\n<p>bpv J\u00e1di N\u00e9meth Attorneys-at-Law,\u00a0<em>partner<\/em>\u00a0(2015-2017)<\/p>\n<p>PwC Legal, Slovakia,<em>\u00a0managing partner<\/em>\u00a0(2011-2015)<\/p>\n<p>PwC Legal, Ukraine,\u00a0<em>managing partner<\/em>\u00a0(2008-2011)<\/p>\n<p>R\u00e9ti, Antall &amp; Madl LANDWELL,\u00a0<em>partner<\/em>\u00a0(2003-2008)<\/p>\n<p>Haarmann Hemmelrath,\u00a0<em>partner<\/em>\u00a0(1999-2003)<\/p>\n<p>Gadsby Hannah LLP, Boston,\u00a0<em>foreign attorney<\/em>\u00a0(1999)<\/p>\n<p>Haarmann Hemmelrath,\u00a0associate\u00a0(1997-1999)<\/p>\n<p><span class=\"st\">Bruckhaus Westrick Stegemann<\/span>\u00a0(currently Freshfields Bruckhaus Deringer),\u00a0<em>associate<\/em>\u00a0(1995-1997)<\/p>\n<\/div>\n<\/div><\/div><div id=\"panel-gb1363-69e253457eede-1-0-1\" class=\"so-panel widget widget_sow-headline\" data-index=\"3\" ><div\n\t\t\t\n\t\t\tclass=\"so-widget-sow-headline so-widget-sow-headline-default-8abfc86ce56c-1363\"\n\t\t\t\n\t\t><div class=\"sow-headline-container \">\n\t\t\t\t\t\t<div class=\"decoration\">\n\t\t\t\t\t\t<div class=\"decoration-inside\"><\/div>\n\t\t\t\t\t<\/div>\n\t\t\t\t\t<\/div><\/div><\/div><div id=\"panel-gb1363-69e253457eede-1-0-2\" class=\"so-panel widget widget_sow-editor\" data-index=\"4\" ><div\n\t\t\t\n\t\t\tclass=\"so-widget-sow-editor so-widget-sow-editor-base\"\n\t\t\t\n\t\t>\n<div class=\"siteorigin-widget-tinymce textwidget\">\n\t<h2>Education<\/h2>\n<p>E\u00f6tv\u00f6s Lor\u00e1nd University Budapest, Master of Laws (LL.M.) \u201eData security and privacy lawyer\u201d (2022)<\/p>\n<p>University of London,\u00a0<em>Master of Business Administration &#8211; Banking (MBA)<\/em>\u00a0(2012-2014)<\/p>\n<p>Deutsche B\u00f6rse Frankfurt,\u00a0<em>certified stock exchange trader (XETRA)<\/em>\u00a0(2012)<\/p>\n<p>University of London,\u00a0<em>Master of Laws &#8211; banking and finance law (LL.M.)<\/em>\u00a0(2010)<\/p>\n<p>Justus Liebig University, Faculty of Law and Political Sciences,\u00a0Giessen,\u00a0<em>PhD<\/em>\u00a0(2001)<\/p>\n<p>Justus Liebig University, Faculty of Law and Political Sciences,\u00a0Giessen,\u00a0<em>lawyer<\/em>\u00a0(1992)<\/p>\n<p>University of Wisconsin-Madison, certificate in United States law and legal institutions (1990)<\/p>\n<p>University of Warwick,\u00a0<em>certificate in English law<\/em>\u00a0(1987-1988)<\/p>\n<\/div>\n<\/div><\/div><div id=\"panel-gb1363-69e253457eede-1-0-3\" class=\"so-panel widget widget_sow-headline\" data-index=\"5\" ><div\n\t\t\t\n\t\t\tclass=\"so-widget-sow-headline so-widget-sow-headline-default-8abfc86ce56c-1363\"\n\t\t\t\n\t\t><div class=\"sow-headline-container \">\n\t\t\t\t\t\t<div class=\"decoration\">\n\t\t\t\t\t\t<div class=\"decoration-inside\"><\/div>\n\t\t\t\t\t<\/div>\n\t\t\t\t\t<\/div><\/div><\/div><div id=\"panel-gb1363-69e253457eede-1-0-4\" class=\"so-panel widget widget_sow-editor\" data-index=\"6\" ><div\n\t\t\t\n\t\t\tclass=\"so-widget-sow-editor so-widget-sow-editor-base\"\n\t\t\t\n\t\t>\n<div class=\"siteorigin-widget-tinymce textwidget\">\n\t<h2>Professional Associations<\/h2>\n<p>Society for Succession Planning, Founder and Chairman of the Supervisory Board (2021 -)<\/p>\n<p>German-Hungarian Chamber of Comerce and Industry,\u00a0<em>advisory board member<\/em>\u00a0(2016-)<\/p>\n<p>Netherlands Chamber of Commerce, Slovakia,\u00a0<em>member of the board<\/em>\u00a0(2011-2013)<\/p>\n<p>German-Hungarian Legal Association,\u00a0<em>member of the board<\/em>\u00a0(2011-)<\/p>\n<p>German-Hungarian Legal Association,\u00a0president\u00a0(2007-2011)<\/p>\n<p>German Business Club, Ukraine,\u00a0<em>founder and honorary member<\/em><\/p>\n<\/div>\n<\/div><\/div><div id=\"panel-gb1363-69e253457eede-1-0-5\" class=\"so-panel widget widget_sow-headline\" data-index=\"7\" ><div\n\t\t\t\n\t\t\tclass=\"so-widget-sow-headline so-widget-sow-headline-default-8abfc86ce56c-1363\"\n\t\t\t\n\t\t><div class=\"sow-headline-container \">\n\t\t\t\t\t\t<div class=\"decoration\">\n\t\t\t\t\t\t<div class=\"decoration-inside\"><\/div>\n\t\t\t\t\t<\/div>\n\t\t\t\t\t<\/div><\/div><\/div><div id=\"panel-gb1363-69e253457eede-1-0-6\" class=\"so-panel widget widget_sow-editor panel-last-child\" data-index=\"8\" ><div\n\t\t\t\n\t\t\tclass=\"so-widget-sow-editor so-widget-sow-editor-base\"\n\t\t\t\n\t\t>\n<div class=\"siteorigin-widget-tinymce textwidget\">\n\t<h2>Languages<\/h2>\n<p>German<\/p>\n<p>English<\/p>\n<p>Hungarian<\/p>\n<\/div>\n<\/div><\/div><\/div><\/div><\/div><div id=\"pg-gb1363-69e253457eede-2\"  class=\"panel-grid panel-has-style\" ><div class=\"siteorigin-panels-stretch panel-row-style panel-row-style-for-gb1363-69e253457eede-2\" data-stretch-type=\"full\" ><div id=\"pgc-gb1363-69e253457eede-2-0\"  class=\"panel-grid-cell\" ><div id=\"panel-gb1363-69e253457eede-2-0-0\" class=\"so-panel widget widget_sow-editor panel-first-child\" data-index=\"9\" ><div class=\"panel-widget-style panel-widget-style-for-gb1363-69e253457eede-2-0-0\" ><div\n\t\t\t\n\t\t\tclass=\"so-widget-sow-editor so-widget-sow-editor-base\"\n\t\t\t\n\t\t>\n<div class=\"siteorigin-widget-tinymce textwidget\">\n\t<h2 class=\"section-title-big\" style=\"text-align: center;\"><strong>Publications<\/strong><\/h2>\n<\/div>\n<\/div><\/div><\/div><div id=\"panel-gb1363-69e253457eede-2-0-1\" class=\"so-panel widget widget_sow-editor\" data-index=\"10\" ><div class=\"panel-widget-style panel-widget-style-for-gb1363-69e253457eede-2-0-1\" ><div\n\t\t\t\n\t\t\tclass=\"so-widget-sow-editor so-widget-sow-editor-base\"\n\t\t\t\n\t\t>\n<div class=\"siteorigin-widget-tinymce textwidget\">\n\t<p>\u201eTen typical Mistakes Investors make in Hungary\u201d<br \/>\nGerman Chamber of Commerce\/Budapester Zeitung<br \/>\nBudapest 2007, Published in English and German, 112 pages<\/p>\n<p>\u201eInvestmentprotection and Transformation in Central and Eastern Europe\u201d<br \/>\nGiessen 2001, 312 pages<\/p>\n<\/div>\n<\/div><\/div><\/div><div id=\"panel-gb1363-69e253457eede-2-0-2\" class=\"so-panel widget widget_sow-button panel-last-child\" data-index=\"11\" ><div\n\t\t\t\n\t\t\tclass=\"so-widget-sow-button so-widget-sow-button-flat-eaa51a902caf-1363\"\n\t\t\t\n\t\t><div class=\"ow-button-base ow-button-align-center\">\n\t<a href=\"https:\/\/mpk-partners.com\/kapcsolat\/\" class=\"button-secondary ow-icon-placement-left ow-button-hover\" \t\t>\n\t\t<span>\n\t\t\t\n\t\t\tMPK Partners\t\t<\/span>\n\t<\/a>\n<\/div>\n<\/div><\/div><\/div><\/div><\/div><\/div>\n\n\n<p><\/p>\n","protected":false},"excerpt":{"rendered":"<p>\u00dcgyv\u00e9d \u2013 Rechtsanwalt \u2013 Attorney at law Dr. Marc-Tell Madl, LL.M. LL.M. MBA Experience \u2014 Banking and Finance, Capital Markets \u2014 Mergers and Acquisitions \u2014 Corporate Law and Corporate Reorganization \u2014 Real Estate DR. MARC-TELL MADL, LL.M. LL.M. MBA Professional Experience E\u00f6tv\u00f6s Lor\u00e1nd University Budapest, Lecturer for German law (2022 -) MPK Partners,\u00a0founding partner\u00a0(2017-) bpv [&hellip;]<\/p>\n","protected":false},"author":1,"featured_media":0,"parent":0,"menu_order":0,"comment_status":"closed","ping_status":"closed","template":"template-pagebuilder.php","meta":{"_mi_skip_tracking":false},"yoast_head":"<!-- This site is optimized with the Yoast SEO plugin v20.0 - https:\/\/yoast.com\/wordpress\/plugins\/seo\/ -->\n<title>Dr. Marc-Tell Madl - MPK Partners<\/title>\n<meta name=\"robots\" content=\"index, follow, max-snippet:-1, max-image-preview:large, max-video-preview:-1\" \/>\n<link rel=\"canonical\" href=\"https:\/\/mpk-partners.com\/en\/dr-marc-tell-madl\/\" \/>\n<meta property=\"og:locale\" content=\"en_US\" \/>\n<meta property=\"og:type\" content=\"article\" \/>\n<meta property=\"og:title\" content=\"Dr. Marc-Tell Madl - MPK Partners\" \/>\n<meta property=\"og:description\" content=\"\u00dcgyv\u00e9d \u2013 Rechtsanwalt \u2013 Attorney at law Dr. Marc-Tell Madl, LL.M. LL.M. MBA Experience \u2014 Banking and Finance, Capital Markets \u2014 Mergers and Acquisitions \u2014 Corporate Law and Corporate Reorganization \u2014 Real Estate DR. MARC-TELL MADL, LL.M. LL.M. MBA Professional Experience E\u00f6tv\u00f6s Lor\u00e1nd University Budapest, Lecturer for German law (2022 -) MPK Partners,\u00a0founding partner\u00a0(2017-) bpv [&hellip;]\" \/>\n<meta property=\"og:url\" content=\"https:\/\/mpk-partners.com\/en\/dr-marc-tell-madl\/\" \/>\n<meta property=\"og:site_name\" content=\"MPK Partners\" \/>\n<meta property=\"article:modified_time\" content=\"2023-03-30T07:48:58+00:00\" \/>\n<meta property=\"og:image\" content=\"https:\/\/mpk-partners.com\/wp-content\/uploads\/2017\/09\/mpk-landing-cover-2.jpg\" \/>\n\t<meta property=\"og:image:width\" content=\"1920\" \/>\n\t<meta property=\"og:image:height\" content=\"1258\" \/>\n\t<meta property=\"og:image:type\" content=\"image\/jpeg\" \/>\n<meta name=\"twitter:card\" content=\"summary_large_image\" \/>\n<meta name=\"twitter:label1\" content=\"Est. reading time\" \/>\n\t<meta name=\"twitter:data1\" content=\"4 minutes\" \/>\n<script type=\"application\/ld+json\" class=\"yoast-schema-graph\">{\"@context\":\"https:\/\/schema.org\",\"@graph\":[{\"@type\":\"WebPage\",\"@id\":\"https:\/\/mpk-partners.com\/en\/dr-marc-tell-madl\/\",\"url\":\"https:\/\/mpk-partners.com\/en\/dr-marc-tell-madl\/\",\"name\":\"Dr. Marc-Tell Madl - MPK Partners\",\"isPartOf\":{\"@id\":\"https:\/\/mpk-partners.com\/#website\"},\"datePublished\":\"2023-03-16T16:32:34+00:00\",\"dateModified\":\"2023-03-30T07:48:58+00:00\",\"breadcrumb\":{\"@id\":\"https:\/\/mpk-partners.com\/en\/dr-marc-tell-madl\/#breadcrumb\"},\"inLanguage\":\"en-US\",\"potentialAction\":[{\"@type\":\"ReadAction\",\"target\":[\"https:\/\/mpk-partners.com\/en\/dr-marc-tell-madl\/\"]}]},{\"@type\":\"BreadcrumbList\",\"@id\":\"https:\/\/mpk-partners.com\/en\/dr-marc-tell-madl\/#breadcrumb\",\"itemListElement\":[{\"@type\":\"ListItem\",\"position\":1,\"name\":\"Home\",\"item\":\"https:\/\/mpk-partners.com\/en\/\"},{\"@type\":\"ListItem\",\"position\":2,\"name\":\"Dr. Marc-Tell Madl\"}]},{\"@type\":\"WebSite\",\"@id\":\"https:\/\/mpk-partners.com\/#website\",\"url\":\"https:\/\/mpk-partners.com\/\",\"name\":\"MPK Partners\",\"description\":\"Experience Committed to Your Business\",\"potentialAction\":[{\"@type\":\"SearchAction\",\"target\":{\"@type\":\"EntryPoint\",\"urlTemplate\":\"https:\/\/mpk-partners.com\/?s={search_term_string}\"},\"query-input\":\"required name=search_term_string\"}],\"inLanguage\":\"en-US\"}]}<\/script>\n<!-- \/ Yoast SEO plugin. -->","yoast_head_json":{"title":"Dr. Marc-Tell Madl - MPK Partners","robots":{"index":"index","follow":"follow","max-snippet":"max-snippet:-1","max-image-preview":"max-image-preview:large","max-video-preview":"max-video-preview:-1"},"canonical":"https:\/\/mpk-partners.com\/en\/dr-marc-tell-madl\/","og_locale":"en_US","og_type":"article","og_title":"Dr. Marc-Tell Madl - MPK Partners","og_description":"\u00dcgyv\u00e9d \u2013 Rechtsanwalt \u2013 Attorney at law Dr. Marc-Tell Madl, LL.M. LL.M. MBA Experience \u2014 Banking and Finance, Capital Markets \u2014 Mergers and Acquisitions \u2014 Corporate Law and Corporate Reorganization \u2014 Real Estate DR. MARC-TELL MADL, LL.M. LL.M. MBA Professional Experience E\u00f6tv\u00f6s Lor\u00e1nd University Budapest, Lecturer for German law (2022 -) MPK Partners,\u00a0founding partner\u00a0(2017-) bpv [&hellip;]","og_url":"https:\/\/mpk-partners.com\/en\/dr-marc-tell-madl\/","og_site_name":"MPK Partners","article_modified_time":"2023-03-30T07:48:58+00:00","og_image":[{"width":"1920","height":"1258","url":"https:\/\/mpk-partners.com\/wp-content\/uploads\/2017\/09\/mpk-landing-cover-2.jpg","type":"image\/jpeg"}],"twitter_card":"summary_large_image","twitter_misc":{"Est. reading time":"4 minutes"},"schema":{"@context":"https:\/\/schema.org","@graph":[{"@type":"WebPage","@id":"https:\/\/mpk-partners.com\/en\/dr-marc-tell-madl\/","url":"https:\/\/mpk-partners.com\/en\/dr-marc-tell-madl\/","name":"Dr. Marc-Tell Madl - MPK Partners","isPartOf":{"@id":"https:\/\/mpk-partners.com\/#website"},"datePublished":"2023-03-16T16:32:34+00:00","dateModified":"2023-03-30T07:48:58+00:00","breadcrumb":{"@id":"https:\/\/mpk-partners.com\/en\/dr-marc-tell-madl\/#breadcrumb"},"inLanguage":"en-US","potentialAction":[{"@type":"ReadAction","target":["https:\/\/mpk-partners.com\/en\/dr-marc-tell-madl\/"]}]},{"@type":"BreadcrumbList","@id":"https:\/\/mpk-partners.com\/en\/dr-marc-tell-madl\/#breadcrumb","itemListElement":[{"@type":"ListItem","position":1,"name":"Home","item":"https:\/\/mpk-partners.com\/en\/"},{"@type":"ListItem","position":2,"name":"Dr. Marc-Tell Madl"}]},{"@type":"WebSite","@id":"https:\/\/mpk-partners.com\/#website","url":"https:\/\/mpk-partners.com\/","name":"MPK Partners","description":"Experience Committed to Your Business","potentialAction":[{"@type":"SearchAction","target":{"@type":"EntryPoint","urlTemplate":"https:\/\/mpk-partners.com\/?s={search_term_string}"},"query-input":"required name=search_term_string"}],"inLanguage":"en-US"}]}},"_links":{"self":[{"href":"https:\/\/mpk-partners.com\/en\/wp-json\/wp\/v2\/pages\/1363"}],"collection":[{"href":"https:\/\/mpk-partners.com\/en\/wp-json\/wp\/v2\/pages"}],"about":[{"href":"https:\/\/mpk-partners.com\/en\/wp-json\/wp\/v2\/types\/page"}],"author":[{"embeddable":true,"href":"https:\/\/mpk-partners.com\/en\/wp-json\/wp\/v2\/users\/1"}],"replies":[{"embeddable":true,"href":"https:\/\/mpk-partners.com\/en\/wp-json\/wp\/v2\/comments?post=1363"}],"version-history":[{"count":20,"href":"https:\/\/mpk-partners.com\/en\/wp-json\/wp\/v2\/pages\/1363\/revisions"}],"predecessor-version":[{"id":1387,"href":"https:\/\/mpk-partners.com\/en\/wp-json\/wp\/v2\/pages\/1363\/revisions\/1387"}],"wp:attachment":[{"href":"https:\/\/mpk-partners.com\/en\/wp-json\/wp\/v2\/media?parent=1363"}],"curies":[{"name":"wp","href":"https:\/\/api.w.org\/{rel}","templated":true}]}}