{"id":585,"date":"2017-09-11T01:29:41","date_gmt":"2017-09-11T01:29:41","guid":{"rendered":"http:\/\/mpk-partners.com\/dr-parragi-edina-katalin\/"},"modified":"2017-10-06T19:21:18","modified_gmt":"2017-10-06T19:21:18","slug":"dr-parragi-edina-katalin","status":"publish","type":"page","link":"https:\/\/mpk-partners.com\/en\/dr-parragi-edina-katalin\/","title":{"rendered":"Dr. Parragi Edina Katalin"},"content":{"rendered":"<div id=\"pl-585\"  class=\"panel-layout\" ><div id=\"pg-585-0\"  class=\"panel-grid panel-has-style\" ><div class=\"half-wrapper siteorigin-panels-stretch panel-row-style panel-row-style-for-585-0\" data-stretch-type=\"full-stretched\" ><div id=\"pgc-585-0-0\"  class=\"panel-grid-cell\" ><div class=\"half-content-right-map panel-cell-style panel-cell-style-for-585-0-0\" ><div id=\"panel-585-0-0-0\" class=\"so-panel widget widget_text panel-first-child panel-last-child\" data-index=\"0\" >\t\t\t<div class=\"textwidget\"><\/div>\n\t\t<\/div><\/div><\/div><div id=\"pgc-585-0-1\"  class=\"panel-grid-cell\" ><div class=\"half-content-right green-bg panel-cell-style panel-cell-style-for-585-0-1\" ><div id=\"panel-585-0-1-0\" class=\"so-panel widget widget_sow-editor panel-first-child panel-last-child\" data-index=\"1\" ><div class=\"panel-widget-style panel-widget-style-for-585-0-1-0\" ><div\n\t\t\t\n\t\t\tclass=\"so-widget-sow-editor so-widget-sow-editor-base\"\n\t\t\t\n\t\t>\n<div class=\"siteorigin-widget-tinymce textwidget\">\n\t<h2 class=\"section-title\">\u00dcgyv\u00e9d \u2013 Attorney at law (H)<br \/>honorary professor<\/h2>\n<h1 class=\"section-title-big\"><strong>Dr. Edina Katalin<\/strong><\/h1>\n<h1 class=\"section-title-big\"><strong>Parragi<\/strong><strong>, <\/strong>LL.M.<\/h1>\n<h3>Experience<\/h3>\n<p>\u2014 Civil Procedures and Litigation<\/p>\n<p>\u2014 Succession Planning for Family Owned Businesses<\/p>\n<p>\u2014 Corporate Law<\/p>\n<p>\u2014 Real Estate<\/p>\n<p>\u2014 Family Law<\/p>\n<p>\u2014 Commercial Arbitration<\/p>\n<\/div>\n<\/div><\/div><\/div><\/div><\/div><\/div><\/div><div id=\"pg-585-1\"  class=\"panel-grid panel-has-style\" ><div class=\"siteorigin-panels-stretch panel-row-style panel-row-style-for-585-1\" data-stretch-type=\"full\" ><div id=\"pgc-585-1-0\"  class=\"panel-grid-cell\" ><div id=\"panel-585-1-0-0\" class=\"so-panel widget widget_sow-editor panel-first-child\" data-index=\"2\" ><div\n\t\t\t\n\t\t\tclass=\"so-widget-sow-editor so-widget-sow-editor-base\"\n\t\t\t\n\t\t>\n<div class=\"siteorigin-widget-tinymce textwidget\">\n\t<h2 class=\"section-title\">Dr. Edina Katalin Parragi, LL.M.<\/h2>\n<h2>Professional Experience<\/h2>\n<p>MPK Partners, <em>founding partner<\/em> (2017-)<\/p>\n<p>bpv J\u00e1di N\u00e9meth Attorneys-at-Law, <em>partner<\/em> (2015-2017)<\/p>\n<p>Parragi and Partners Law Firm, <em>managing partner<\/em> (2000-2015)<\/p>\n<\/div>\n<\/div><\/div><div id=\"panel-585-1-0-1\" class=\"so-panel widget widget_sow-headline\" data-index=\"3\" ><div\n\t\t\t\n\t\t\tclass=\"so-widget-sow-headline so-widget-sow-headline-default-8abfc86ce56c-585\"\n\t\t\t\n\t\t><div class=\"sow-headline-container \">\n\t\t\t\t\t\t<div class=\"decoration\">\n\t\t\t\t\t\t<div class=\"decoration-inside\"><\/div>\n\t\t\t\t\t<\/div>\n\t\t\t\t\t<\/div><\/div><\/div><div id=\"panel-585-1-0-2\" class=\"so-panel widget widget_sow-editor\" data-index=\"4\" ><div\n\t\t\t\n\t\t\tclass=\"so-widget-sow-editor so-widget-sow-editor-base\"\n\t\t\t\n\t\t>\n<div class=\"siteorigin-widget-tinymce textwidget\">\n\t<h2>Education<\/h2>\n<p>E\u00f6tv\u00f6s Lor\u00e1nd University, Faculty of Law, <em>family law specialist (LL.M.)<\/em> (2011-2013)<\/p>\n<p>University of P\u00e9cs, Faculty of Law, <em>European law specialist (LL.M.)<\/em> (2002-2004)<\/p>\n<p>University of P\u00e9cs, Faculty of Law, <em>lawyer <\/em>(1992-1997)<\/p>\n<\/div>\n<\/div><\/div><div id=\"panel-585-1-0-3\" class=\"so-panel widget widget_sow-headline\" data-index=\"5\" ><div\n\t\t\t\n\t\t\tclass=\"so-widget-sow-headline so-widget-sow-headline-default-8abfc86ce56c-585\"\n\t\t\t\n\t\t><div class=\"sow-headline-container \">\n\t\t\t\t\t\t<div class=\"decoration\">\n\t\t\t\t\t\t<div class=\"decoration-inside\"><\/div>\n\t\t\t\t\t<\/div>\n\t\t\t\t\t<\/div><\/div><\/div><div id=\"panel-585-1-0-4\" class=\"so-panel widget widget_sow-editor\" data-index=\"6\" ><div\n\t\t\t\n\t\t\tclass=\"so-widget-sow-editor so-widget-sow-editor-base\"\n\t\t\t\n\t\t>\n<div class=\"siteorigin-widget-tinymce textwidget\">\n\t<h2>Teaching Positions<\/h2>\n<p>Szent Istv\u00e1n University, Faculty of Economics and Social Sciences, <em>honorary professor <\/em>(2013-)<\/p>\n<\/div>\n<\/div><\/div><div id=\"panel-585-1-0-5\" class=\"so-panel widget widget_sow-headline\" data-index=\"7\" ><div\n\t\t\t\n\t\t\tclass=\"so-widget-sow-headline so-widget-sow-headline-default-8abfc86ce56c-585\"\n\t\t\t\n\t\t><div class=\"sow-headline-container \">\n\t\t\t\t\t\t<div class=\"decoration\">\n\t\t\t\t\t\t<div class=\"decoration-inside\"><\/div>\n\t\t\t\t\t<\/div>\n\t\t\t\t\t<\/div><\/div><\/div><div id=\"panel-585-1-0-6\" class=\"so-panel widget widget_sow-editor\" data-index=\"8\" ><div\n\t\t\t\n\t\t\tclass=\"so-widget-sow-editor so-widget-sow-editor-base\"\n\t\t\t\n\t\t>\n<div class=\"siteorigin-widget-tinymce textwidget\">\n\t<h2>Professional Associations<\/h2>\n<p>National Association of Entrepreneurs and Employers, <em>chair of legal committee<\/em> (2005-2015)<\/p>\n<p>Budapest Bar Association, <em>member<\/em> (2000-)<\/p>\n<\/div>\n<\/div><\/div><div id=\"panel-585-1-0-7\" class=\"so-panel widget widget_sow-headline\" data-index=\"9\" ><div\n\t\t\t\n\t\t\tclass=\"so-widget-sow-headline so-widget-sow-headline-default-8abfc86ce56c-585\"\n\t\t\t\n\t\t><div class=\"sow-headline-container \">\n\t\t\t\t\t\t<div class=\"decoration\">\n\t\t\t\t\t\t<div class=\"decoration-inside\"><\/div>\n\t\t\t\t\t<\/div>\n\t\t\t\t\t<\/div><\/div><\/div><div id=\"panel-585-1-0-8\" class=\"so-panel widget widget_sow-editor panel-last-child\" data-index=\"10\" ><div\n\t\t\t\n\t\t\tclass=\"so-widget-sow-editor so-widget-sow-editor-base\"\n\t\t\t\n\t\t>\n<div class=\"siteorigin-widget-tinymce textwidget\">\n\t<h2>Languages<\/h2>\n<p>Hungarian<\/p>\n<p>English<\/p>\n<\/div>\n<\/div><\/div><\/div><\/div><\/div><div id=\"pg-585-2\"  class=\"panel-grid panel-has-style\" ><div class=\"siteorigin-panels-stretch panel-row-style panel-row-style-for-585-2\" data-stretch-type=\"full\" ><div id=\"pgc-585-2-0\"  class=\"panel-grid-cell\" ><div id=\"panel-585-2-0-0\" class=\"so-panel widget widget_sow-editor panel-first-child\" data-index=\"11\" ><div class=\"panel-widget-style panel-widget-style-for-585-2-0-0\" ><div\n\t\t\t\n\t\t\tclass=\"so-widget-sow-editor so-widget-sow-editor-base\"\n\t\t\t\n\t\t>\n<div class=\"siteorigin-widget-tinymce textwidget\">\n\t<h2 class=\"section-title-big\" style=\"text-align: center;\"><strong>Publications<\/strong><\/h2>\n<\/div>\n<\/div><\/div><\/div><div id=\"panel-585-2-0-1\" class=\"widget_text so-panel widget widget_custom_html\" data-index=\"12\" ><div class=\"widget_text panel-widget-style panel-widget-style-for-585-2-0-1\" ><div class=\"textwidget custom-html-widget\"><div class=\"post-tabs-wrapper\"><h2>Sorry, nothing to display.<\/h2><\/div><\/div><\/div><\/div><div id=\"panel-585-2-0-2\" class=\"so-panel widget widget_sow-button panel-last-child\" data-index=\"13\" ><div\n\t\t\t\n\t\t\tclass=\"so-widget-sow-button so-widget-sow-button-flat-eaa51a902caf-585\"\n\t\t\t\n\t\t><div class=\"ow-button-base ow-button-align-center\">\n\t<a href=\"https:\/\/mpk-partners.com\/kapcsolat\/\" class=\"button-secondary ow-icon-placement-left ow-button-hover\" \t\t>\n\t\t<span>\n\t\t\t\n\t\t\tMPK PARTNERS\t\t<\/span>\n\t<\/a>\n<\/div>\n<\/div><\/div><\/div><\/div><\/div><\/div>","protected":false},"excerpt":{"rendered":"<p>\u00dcgyv\u00e9d \u2013 Attorney at law (H)honorary professor Dr. Edina Katalin Parragi, LL.M. Experience \u2014 Civil Procedures and Litigation \u2014 Succession Planning for Family Owned Businesses \u2014 Corporate Law \u2014 Real Estate \u2014 Family Law \u2014 Commercial Arbitration Dr. Edina Katalin Parragi, LL.M. Professional Experience MPK Partners, founding partner (2017-) bpv J\u00e1di N\u00e9meth Attorneys-at-Law, partner (2015-2017) [&hellip;]<\/p>\n","protected":false},"author":1,"featured_media":0,"parent":0,"menu_order":0,"comment_status":"closed","ping_status":"closed","template":"template-pagebuilder.php","meta":{"_mi_skip_tracking":false},"yoast_head":"<!-- This site is optimized with the Yoast SEO plugin v20.0 - https:\/\/yoast.com\/wordpress\/plugins\/seo\/ -->\n<title>Dr. Parragi Edina Katalin - MPK Partners<\/title>\n<meta name=\"robots\" content=\"index, follow, max-snippet:-1, max-image-preview:large, max-video-preview:-1\" \/>\n<link rel=\"canonical\" href=\"https:\/\/mpk-partners.com\/en\/dr-parragi-edina-katalin\/\" \/>\n<meta property=\"og:locale\" content=\"en_US\" \/>\n<meta property=\"og:type\" content=\"article\" \/>\n<meta property=\"og:title\" content=\"Dr. Parragi Edina Katalin - MPK Partners\" \/>\n<meta property=\"og:description\" content=\"\u00dcgyv\u00e9d \u2013 Attorney at law (H)honorary professor Dr. Edina Katalin Parragi, LL.M. Experience \u2014 Civil Procedures and Litigation \u2014 Succession Planning for Family Owned Businesses \u2014 Corporate Law \u2014 Real Estate \u2014 Family Law \u2014 Commercial Arbitration Dr. Edina Katalin Parragi, LL.M. Professional Experience MPK Partners, founding partner (2017-) bpv J\u00e1di N\u00e9meth Attorneys-at-Law, partner (2015-2017) [&hellip;]\" \/>\n<meta property=\"og:url\" content=\"https:\/\/mpk-partners.com\/en\/dr-parragi-edina-katalin\/\" \/>\n<meta property=\"og:site_name\" content=\"MPK Partners\" \/>\n<meta property=\"article:modified_time\" content=\"2017-10-06T19:21:18+00:00\" \/>\n<meta property=\"og:image\" content=\"https:\/\/mpk-partners.com\/wp-content\/uploads\/2017\/09\/mpk-landing-cover-2.jpg\" \/>\n\t<meta property=\"og:image:width\" content=\"1920\" \/>\n\t<meta property=\"og:image:height\" content=\"1258\" \/>\n\t<meta property=\"og:image:type\" content=\"image\/jpeg\" \/>\n<meta name=\"twitter:card\" content=\"summary_large_image\" \/>\n<meta name=\"twitter:label1\" content=\"Est. reading time\" \/>\n\t<meta name=\"twitter:data1\" content=\"1 minute\" \/>\n<script type=\"application\/ld+json\" class=\"yoast-schema-graph\">{\"@context\":\"https:\/\/schema.org\",\"@graph\":[{\"@type\":\"WebPage\",\"@id\":\"https:\/\/mpk-partners.com\/en\/dr-parragi-edina-katalin\/\",\"url\":\"https:\/\/mpk-partners.com\/en\/dr-parragi-edina-katalin\/\",\"name\":\"Dr. Parragi Edina Katalin - MPK Partners\",\"isPartOf\":{\"@id\":\"https:\/\/mpk-partners.com\/#website\"},\"datePublished\":\"2017-09-11T01:29:41+00:00\",\"dateModified\":\"2017-10-06T19:21:18+00:00\",\"breadcrumb\":{\"@id\":\"https:\/\/mpk-partners.com\/en\/dr-parragi-edina-katalin\/#breadcrumb\"},\"inLanguage\":\"en-US\",\"potentialAction\":[{\"@type\":\"ReadAction\",\"target\":[\"https:\/\/mpk-partners.com\/en\/dr-parragi-edina-katalin\/\"]}]},{\"@type\":\"BreadcrumbList\",\"@id\":\"https:\/\/mpk-partners.com\/en\/dr-parragi-edina-katalin\/#breadcrumb\",\"itemListElement\":[{\"@type\":\"ListItem\",\"position\":1,\"name\":\"Home\",\"item\":\"https:\/\/mpk-partners.com\/en\/\"},{\"@type\":\"ListItem\",\"position\":2,\"name\":\"Dr. Parragi Edina Katalin\"}]},{\"@type\":\"WebSite\",\"@id\":\"https:\/\/mpk-partners.com\/#website\",\"url\":\"https:\/\/mpk-partners.com\/\",\"name\":\"MPK Partners\",\"description\":\"Experience Committed to Your Business\",\"potentialAction\":[{\"@type\":\"SearchAction\",\"target\":{\"@type\":\"EntryPoint\",\"urlTemplate\":\"https:\/\/mpk-partners.com\/?s={search_term_string}\"},\"query-input\":\"required name=search_term_string\"}],\"inLanguage\":\"en-US\"}]}<\/script>\n<!-- \/ Yoast SEO plugin. -->","yoast_head_json":{"title":"Dr. Parragi Edina Katalin - MPK Partners","robots":{"index":"index","follow":"follow","max-snippet":"max-snippet:-1","max-image-preview":"max-image-preview:large","max-video-preview":"max-video-preview:-1"},"canonical":"https:\/\/mpk-partners.com\/en\/dr-parragi-edina-katalin\/","og_locale":"en_US","og_type":"article","og_title":"Dr. Parragi Edina Katalin - MPK Partners","og_description":"\u00dcgyv\u00e9d \u2013 Attorney at law (H)honorary professor Dr. Edina Katalin Parragi, LL.M. Experience \u2014 Civil Procedures and Litigation \u2014 Succession Planning for Family Owned Businesses \u2014 Corporate Law \u2014 Real Estate \u2014 Family Law \u2014 Commercial Arbitration Dr. Edina Katalin Parragi, LL.M. Professional Experience MPK Partners, founding partner (2017-) bpv J\u00e1di N\u00e9meth Attorneys-at-Law, partner (2015-2017) [&hellip;]","og_url":"https:\/\/mpk-partners.com\/en\/dr-parragi-edina-katalin\/","og_site_name":"MPK Partners","article_modified_time":"2017-10-06T19:21:18+00:00","og_image":[{"width":"1920","height":"1258","url":"https:\/\/mpk-partners.com\/wp-content\/uploads\/2017\/09\/mpk-landing-cover-2.jpg","type":"image\/jpeg"}],"twitter_card":"summary_large_image","twitter_misc":{"Est. reading time":"1 minute"},"schema":{"@context":"https:\/\/schema.org","@graph":[{"@type":"WebPage","@id":"https:\/\/mpk-partners.com\/en\/dr-parragi-edina-katalin\/","url":"https:\/\/mpk-partners.com\/en\/dr-parragi-edina-katalin\/","name":"Dr. Parragi Edina Katalin - MPK Partners","isPartOf":{"@id":"https:\/\/mpk-partners.com\/#website"},"datePublished":"2017-09-11T01:29:41+00:00","dateModified":"2017-10-06T19:21:18+00:00","breadcrumb":{"@id":"https:\/\/mpk-partners.com\/en\/dr-parragi-edina-katalin\/#breadcrumb"},"inLanguage":"en-US","potentialAction":[{"@type":"ReadAction","target":["https:\/\/mpk-partners.com\/en\/dr-parragi-edina-katalin\/"]}]},{"@type":"BreadcrumbList","@id":"https:\/\/mpk-partners.com\/en\/dr-parragi-edina-katalin\/#breadcrumb","itemListElement":[{"@type":"ListItem","position":1,"name":"Home","item":"https:\/\/mpk-partners.com\/en\/"},{"@type":"ListItem","position":2,"name":"Dr. Parragi Edina Katalin"}]},{"@type":"WebSite","@id":"https:\/\/mpk-partners.com\/#website","url":"https:\/\/mpk-partners.com\/","name":"MPK Partners","description":"Experience Committed to Your Business","potentialAction":[{"@type":"SearchAction","target":{"@type":"EntryPoint","urlTemplate":"https:\/\/mpk-partners.com\/?s={search_term_string}"},"query-input":"required name=search_term_string"}],"inLanguage":"en-US"}]}},"_links":{"self":[{"href":"https:\/\/mpk-partners.com\/en\/wp-json\/wp\/v2\/pages\/585"}],"collection":[{"href":"https:\/\/mpk-partners.com\/en\/wp-json\/wp\/v2\/pages"}],"about":[{"href":"https:\/\/mpk-partners.com\/en\/wp-json\/wp\/v2\/types\/page"}],"author":[{"embeddable":true,"href":"https:\/\/mpk-partners.com\/en\/wp-json\/wp\/v2\/users\/1"}],"replies":[{"embeddable":true,"href":"https:\/\/mpk-partners.com\/en\/wp-json\/wp\/v2\/comments?post=585"}],"version-history":[{"count":12,"href":"https:\/\/mpk-partners.com\/en\/wp-json\/wp\/v2\/pages\/585\/revisions"}],"predecessor-version":[{"id":716,"href":"https:\/\/mpk-partners.com\/en\/wp-json\/wp\/v2\/pages\/585\/revisions\/716"}],"wp:attachment":[{"href":"https:\/\/mpk-partners.com\/en\/wp-json\/wp\/v2\/media?parent=585"}],"curies":[{"name":"wp","href":"https:\/\/api.w.org\/{rel}","templated":true}]}}